{"id":1737,"date":"2014-03-24T20:47:52","date_gmt":"2014-03-24T19:47:52","guid":{"rendered":"http:\/\/www.przewodnikgdanski.pl\/2014\/?page_id=1737"},"modified":"2014-05-13T22:07:47","modified_gmt":"2014-05-13T20:07:47","slug":"historia-najnowsza","status":"publish","type":"page","link":"http:\/\/www.przewodnikgdanski.pl\/2014\/literaturazrodla\/historia-najnowsza\/","title":{"rendered":"Historia najnowsza"},"content":{"rendered":"<p><a href=\"http:\/\/www.przewodnikgdanski.pl\/2014\/wp-content\/uploads\/2014\/05\/Stanis\u0142aw-D\u0105bek-ver.3.doc\">Stanis\u0142aw D\u0105bek\u00a0<\/a><\/p>\n<p><a href=\"http:\/\/www.przewodnikgdanski.pl\/2014\/wp-content\/uploads\/2014\/05\/Tadeusz-Wenda.pdf\">Tadeusz Wenda<\/a><\/p>\n<p><a href=\"http:\/\/www.przewodnikgdanski.pl\/2014\/wp-content\/uploads\/2014\/05\/Mjr-Henryk-Sucharski.docx\">Mjr Henryk Sucharski<\/a><\/p>\n<p><a href=\"http:\/\/www.przewodnikgdanski.pl\/2014\/wp-content\/uploads\/2014\/05\/SOK\u00d3\u0141.docx\">Franciszek Sok\u00f3\u0142<\/a><\/p>\n<p><a href=\"http:\/\/www.przewodnikgdanski.pl\/2014\/wp-content\/uploads\/2014\/03\/Tadeusz-Wenda.pdf\">Tadeusz Wenda<\/a><\/p>\n<p><a href=\"http:\/\/www.przewodnikgdanski.pl\/2014\/wp-content\/uploads\/2014\/03\/Pomorzanin-prezentacja.docx\">Pomorzanin &#8211; prezentacja<\/a><\/p>\n<p><a href=\"http:\/\/www.przewodnikgdanski.pl\/2014\/wp-content\/uploads\/2014\/03\/Pomorzanin-wi\u0119cej-informacji.pdf\">Pomorzanin &#8211; wi\u0119cej informacji<\/a><\/p>\n<p><a href=\"http:\/\/www.przewodnikgdanski.pl\/2014\/wp-content\/uploads\/2014\/03\/Leonid-Teliga-biogram-.docx\">Leonid Teliga Biogram<\/a><\/p>\n<p><a href=\"http:\/\/www.przewodnikgdanski.pl\/2014\/wp-content\/uploads\/2014\/03\/teliga.pdf\">Leonid Teliga i jego opty<\/a><\/p>\n<p><a href=\"http:\/\/www.przewodnikgdanski.pl\/2014\/wp-content\/uploads\/2014\/03\/KWIATKOWSKI-Eugeniusz-biogram.pdf\">KWIATKOWSKI Eugeniusz &#8211; biogram<\/a><\/p>\n<p><a href=\"http:\/\/www.przewodnikgdanski.pl\/2014\/wp-content\/uploads\/2014\/03\/J\u00d3ZEF-UNRUG.docx\">J\u00d3ZEF UNRUG<\/a><\/p>\n<p><a href=\"http:\/\/www.przewodnikgdanski.pl\/2014\/wp-content\/uploads\/2014\/03\/Antoni-Abraham1.docx\">Antoni Abraham<\/a><\/p>\n<p><a href=\"http:\/\/www.przewodnikgdanski.pl\/2014\/wp-content\/uploads\/2014\/03\/Kazimierz-Por\u0119bski.docx\">Kazimierz Por\u0119bski<\/a><\/p>\n<p>&nbsp;<\/p>\n","protected":false},"excerpt":{"rendered":"<p>Stanis\u0142aw D\u0105bek\u00a0 Tadeusz Wenda Mjr Henryk Sucharski Franciszek Sok\u00f3\u0142 Tadeusz Wenda Pomorzanin &#8211; prezentacja Pomorzanin &#8211; wi\u0119cej informacji Leonid Teliga Biogram Leonid Teliga i jego opty KWIATKOWSKI Eugeniusz &#8211; biogram J\u00d3ZEF UNRUG Antoni Abraham Kazimierz Por\u0119bski &nbsp;<\/p>\n","protected":false},"author":1,"featured_media":0,"parent":58,"menu_order":23,"comment_status":"open","ping_status":"closed","template":"","meta":[],"_links":{"self":[{"href":"http:\/\/www.przewodnikgdanski.pl\/2014\/wp-json\/wp\/v2\/pages\/1737"}],"collection":[{"href":"http:\/\/www.przewodnikgdanski.pl\/2014\/wp-json\/wp\/v2\/pages"}],"about":[{"href":"http:\/\/www.przewodnikgdanski.pl\/2014\/wp-json\/wp\/v2\/types\/page"}],"author":[{"embeddable":true,"href":"http:\/\/www.przewodnikgdanski.pl\/2014\/wp-json\/wp\/v2\/users\/1"}],"replies":[{"embeddable":true,"href":"http:\/\/www.przewodnikgdanski.pl\/2014\/wp-json\/wp\/v2\/comments?post=1737"}],"version-history":[{"count":14,"href":"http:\/\/www.przewodnikgdanski.pl\/2014\/wp-json\/wp\/v2\/pages\/1737\/revisions"}],"predecessor-version":[{"id":2498,"href":"http:\/\/www.przewodnikgdanski.pl\/2014\/wp-json\/wp\/v2\/pages\/1737\/revisions\/2498"}],"up":[{"embeddable":true,"href":"http:\/\/www.przewodnikgdanski.pl\/2014\/wp-json\/wp\/v2\/pages\/58"}],"wp:attachment":[{"href":"http:\/\/www.przewodnikgdanski.pl\/2014\/wp-json\/wp\/v2\/media?parent=1737"}],"curies":[{"name":"wp","href":"https:\/\/api.w.org\/{rel}","templated":true}]}}