{"id":64,"date":"2013-11-17T12:10:44","date_gmt":"2013-11-17T11:10:44","guid":{"rendered":"http:\/\/www.przewodnikgdanski.pl\/2014\/?page_id=64"},"modified":"2014-03-28T19:05:07","modified_gmt":"2014-03-28T18:05:07","slug":"geografia","status":"publish","type":"page","link":"http:\/\/www.przewodnikgdanski.pl\/2014\/literaturazrodla\/geografia\/","title":{"rendered":"Geografia"},"content":{"rendered":"<p><a href=\"http:\/\/www.przewodnikgdanski.pl\/2014\/wp-content\/uploads\/2014\/01\/Geografia-Zagadnienia.doc\">Geografia Zagadnienia<\/a><\/p>\n<p><a href=\"http:\/\/www.przewodnikgdanski.pl\/2014\/wp-content\/uploads\/2014\/02\/Geografia-Zagadnienia-1.pdf\">Geografia &#8211; opracowane zagadnienia<\/a><\/p>\n<p><a href=\"http:\/\/www.przewodnikgdanski.pl\/2014\/wp-content\/uploads\/2014\/03\/Kurs-dla-przewodnik\u00f3w-turystycznych-cz\u0119\u015b\u0107-I.pptx.ppt\">Wyk\u0142ad I<\/a><\/p>\n<p><a href=\"http:\/\/www.przewodnikgdanski.pl\/2014\/wp-content\/uploads\/2014\/03\/Kurs-dla-przewodnik\u00f3w-turystycznych-cz\u0119\u015b\u0107-II.ppt\">Wyk\u0142ad II<\/a><\/p>\n<p><a href=\"http:\/\/www.przewodnikgdanski.pl\/2014\/wp-content\/uploads\/2014\/01\/terminologia-fizycznogeograficzna_JSz_4_2007smallpdf.com_.pdf\">Terminologia fizycznogeograficzna<\/a><\/p>\n<p><a href=\"http:\/\/www.przewodnikgdanski.pl\/2014\/wp-content\/uploads\/2014\/01\/s\u0142ownik-termin\u00f3w-fizycznogeograficznych_JSz_4_2007smallpdf.com_.pdf\">S\u0142ownik termin\u00f3w fizycznogeograficznych do stosowania w krajoznawstwie pomorskim N-P<\/a><\/p>\n<p><a href=\"http:\/\/www.przewodnikgdanski.pl\/2014\/wp-content\/uploads\/2014\/01\/nazwy-geograficzne-w-Tr\u00f3jmie\u015bcie_JSz_4_2010smallpdf.com_.pdf\">Nazwy geograficzne w Tr\u00f3jmie\u015bcie<\/a><\/p>\n<p><a href=\"http:\/\/www.przewodnikgdanski.pl\/2014\/wp-content\/uploads\/2014\/01\/ro\u015blinno\u015b\u0107-Pobrze\u017ca-Kaszubskiego.pdf\">Ro\u015blinno\u015b\u0107 Pobrze\u017ca Kaszubskiego<\/a><\/p>\n<p><a href=\"http:\/\/www.przewodnikgdanski.pl\/2014\/wp-content\/uploads\/2014\/02\/J.-Mordawski-Geografia_Kaszub_46-90.pdf\">J. Mordawski &#8211; Geografia Kaszub str. 1-45<\/a><\/p>\n<p><a href=\"http:\/\/www.przewodnikgdanski.pl\/2014\/wp-content\/uploads\/2014\/02\/J.-Mordawski-Geografia_Kaszub_46-90.pdf\">J. Mordawski &#8211; Geografia Kaszub str. 46-90<\/a><\/p>\n<p><a href=\"http:\/\/www.przewodnikgdanski.pl\/2014\/wp-content\/uploads\/2014\/02\/J.-Mordawski-Geografia_Kaszub_91-137.pdf\">J. Mordawski &#8211; Geografia Kaszub str. 91-137<\/a><\/p>\n<p><a href=\"http:\/\/www.przewodnikgdanski.pl\/2014\/wp-content\/uploads\/2014\/02\/Gospodarka-wojewodztwo-pomorskie1.pdf\">Gospodarka wojew\u00f3dztwa pomorskiego<br \/>\n<\/a><\/p>\n<p>&nbsp;<\/p>\n<p><a href=\"http:\/\/www.przewodnikgdanski.pl\/2014\/wp-content\/uploads\/2014\/02\/GDAKK_ochrona_przyrody_Pomorza.jpg\"><img loading=\"lazy\" class=\"alignnone size-medium wp-image-1355\" alt=\"GDAKK_ochrona_przyrody_Pomorza\" src=\"http:\/\/www.przewodnikgdanski.pl\/2014\/wp-content\/uploads\/2014\/02\/GDAKK_ochrona_przyrody_Pomorza-300x215.jpg\" width=\"300\" height=\"215\" srcset=\"http:\/\/www.przewodnikgdanski.pl\/2014\/wp-content\/uploads\/2014\/02\/GDAKK_ochrona_przyrody_Pomorza-300x215.jpg 300w, http:\/\/www.przewodnikgdanski.pl\/2014\/wp-content\/uploads\/2014\/02\/GDAKK_ochrona_przyrody_Pomorza-1024x734.jpg 1024w, http:\/\/www.przewodnikgdanski.pl\/2014\/wp-content\/uploads\/2014\/02\/GDAKK_ochrona_przyrody_Pomorza.jpg 2002w\" sizes=\"(max-width: 300px) 100vw, 300px\" \/><\/a><\/p>\n<p>&nbsp;<\/p>\n<p><a href=\"http:\/\/www.przewodnikgdanski.pl\/2014\/wp-content\/uploads\/2014\/02\/GDAKK_potencjal_turystyczny_Pomorza.jpg\"><img loading=\"lazy\" class=\"alignnone size-medium wp-image-1356\" alt=\"GDAKK_potencjal_turystyczny_Pomorza\" src=\"http:\/\/www.przewodnikgdanski.pl\/2014\/wp-content\/uploads\/2014\/02\/GDAKK_potencjal_turystyczny_Pomorza-300x208.jpg\" width=\"300\" height=\"208\" srcset=\"http:\/\/www.przewodnikgdanski.pl\/2014\/wp-content\/uploads\/2014\/02\/GDAKK_potencjal_turystyczny_Pomorza-300x208.jpg 300w, http:\/\/www.przewodnikgdanski.pl\/2014\/wp-content\/uploads\/2014\/02\/GDAKK_potencjal_turystyczny_Pomorza-1024x711.jpg 1024w, http:\/\/www.przewodnikgdanski.pl\/2014\/wp-content\/uploads\/2014\/02\/GDAKK_potencjal_turystyczny_Pomorza.jpg 1920w\" sizes=\"(max-width: 300px) 100vw, 300px\" \/><\/a><\/p>\n<p>&nbsp;<\/p>\n<p><a href=\"http:\/\/www.przewodnikgdanski.pl\/2014\/wp-content\/uploads\/2014\/02\/GDAKK_przydatnosc_przestrzeni_Pomorza.jpg\"><img loading=\"lazy\" class=\"alignnone size-medium wp-image-1357\" alt=\"GDAKK_przydatnosc_przestrzeni_Pomorza\" src=\"http:\/\/www.przewodnikgdanski.pl\/2014\/wp-content\/uploads\/2014\/02\/GDAKK_przydatnosc_przestrzeni_Pomorza-300x213.jpg\" width=\"300\" height=\"213\" srcset=\"http:\/\/www.przewodnikgdanski.pl\/2014\/wp-content\/uploads\/2014\/02\/GDAKK_przydatnosc_przestrzeni_Pomorza-300x213.jpg 300w, http:\/\/www.przewodnikgdanski.pl\/2014\/wp-content\/uploads\/2014\/02\/GDAKK_przydatnosc_przestrzeni_Pomorza-1024x728.jpg 1024w, http:\/\/www.przewodnikgdanski.pl\/2014\/wp-content\/uploads\/2014\/02\/GDAKK_przydatnosc_przestrzeni_Pomorza.jpg 1806w\" sizes=\"(max-width: 300px) 100vw, 300px\" \/><\/a><\/p>\n<p>&nbsp;<\/p>\n<p>&nbsp;<\/p>\n<p><a href=\"http:\/\/www.przewodnikgdanski.pl\/2014\/wp-content\/uploads\/2014\/01\/dzielnice-i-osidla-gdanska.jpg\"><img loading=\"lazy\" class=\"alignnone size-medium wp-image-851\" alt=\"dzielnice-i-osidla-gdanska\" src=\"http:\/\/www.przewodnikgdanski.pl\/2014\/wp-content\/uploads\/2014\/01\/dzielnice-i-osidla-gdanska-300x167.jpg\" width=\"300\" height=\"167\" srcset=\"http:\/\/www.przewodnikgdanski.pl\/2014\/wp-content\/uploads\/2014\/01\/dzielnice-i-osidla-gdanska-300x167.jpg 300w, http:\/\/www.przewodnikgdanski.pl\/2014\/wp-content\/uploads\/2014\/01\/dzielnice-i-osidla-gdanska.jpg 600w\" sizes=\"(max-width: 300px) 100vw, 300px\" \/><\/a><\/p>\n<p>&nbsp;<\/p>\n<p>REJONY FIZYCZNOGEOGRAFICZNE POLSKI<\/p>\n<p><a href=\"http:\/\/www.przewodnikgdanski.pl\/2014\/wp-content\/uploads\/2013\/11\/regiony-fizycznogeograficzne-Polski-1.jpg\"><img loading=\"lazy\" class=\"alignnone size-medium wp-image-199\" alt=\"regiony-fizycznogeograficzne-Polski (1)\" src=\"http:\/\/www.przewodnikgdanski.pl\/2014\/wp-content\/uploads\/2013\/11\/regiony-fizycznogeograficzne-Polski-1-300x255.jpg\" width=\"300\" height=\"255\" srcset=\"http:\/\/www.przewodnikgdanski.pl\/2014\/wp-content\/uploads\/2013\/11\/regiony-fizycznogeograficzne-Polski-1-300x255.jpg 300w, http:\/\/www.przewodnikgdanski.pl\/2014\/wp-content\/uploads\/2013\/11\/regiony-fizycznogeograficzne-Polski-1-1024x870.jpg 1024w, http:\/\/www.przewodnikgdanski.pl\/2014\/wp-content\/uploads\/2013\/11\/regiony-fizycznogeograficzne-Polski-1.jpg 2000w\" sizes=\"(max-width: 300px) 100vw, 300px\" \/><\/a><\/p>\n<p>&nbsp;<\/p>\n<p>&nbsp;<\/p>\n","protected":false},"excerpt":{"rendered":"<p>Geografia Zagadnienia Geografia &#8211; opracowane zagadnienia Wyk\u0142ad I Wyk\u0142ad II Terminologia fizycznogeograficzna S\u0142ownik termin\u00f3w fizycznogeograficznych do stosowania w krajoznawstwie pomorskim N-P Nazwy geograficzne w Tr\u00f3jmie\u015bcie Ro\u015blinno\u015b\u0107 Pobrze\u017ca Kaszubskiego J. Mordawski &#8211; Geografia Kaszub str. 1-45 J. Mordawski &#8211; Geografia Kaszub str. 46-90 J. Mordawski &#8211; Geografia Kaszub str. 91-137 Gospodarka wojew\u00f3dztwa pomorskiego &nbsp; &nbsp; &nbsp;[&#8230;]<\/p>\n","protected":false},"author":1,"featured_media":0,"parent":58,"menu_order":0,"comment_status":"open","ping_status":"closed","template":"","meta":[],"_links":{"self":[{"href":"http:\/\/www.przewodnikgdanski.pl\/2014\/wp-json\/wp\/v2\/pages\/64"}],"collection":[{"href":"http:\/\/www.przewodnikgdanski.pl\/2014\/wp-json\/wp\/v2\/pages"}],"about":[{"href":"http:\/\/www.przewodnikgdanski.pl\/2014\/wp-json\/wp\/v2\/types\/page"}],"author":[{"embeddable":true,"href":"http:\/\/www.przewodnikgdanski.pl\/2014\/wp-json\/wp\/v2\/users\/1"}],"replies":[{"embeddable":true,"href":"http:\/\/www.przewodnikgdanski.pl\/2014\/wp-json\/wp\/v2\/comments?post=64"}],"version-history":[{"count":18,"href":"http:\/\/www.przewodnikgdanski.pl\/2014\/wp-json\/wp\/v2\/pages\/64\/revisions"}],"predecessor-version":[{"id":1848,"href":"http:\/\/www.przewodnikgdanski.pl\/2014\/wp-json\/wp\/v2\/pages\/64\/revisions\/1848"}],"up":[{"embeddable":true,"href":"http:\/\/www.przewodnikgdanski.pl\/2014\/wp-json\/wp\/v2\/pages\/58"}],"wp:attachment":[{"href":"http:\/\/www.przewodnikgdanski.pl\/2014\/wp-json\/wp\/v2\/media?parent=64"}],"curies":[{"name":"wp","href":"https:\/\/api.w.org\/{rel}","templated":true}]}}